{"id":431,"date":"2018-04-06T18:28:24","date_gmt":"2018-04-06T18:28:24","guid":{"rendered":"http:\/\/www.fabrika-arhitekti.com\/hr\/?page_id=431"},"modified":"2021-09-15T19:22:43","modified_gmt":"2021-09-15T19:22:43","slug":"naslovna","status":"publish","type":"page","link":"https:\/\/www.fabrika-arhitekti.com\/hr\/","title":{"rendered":""},"content":{"rendered":"<p><strong>FABRIKA arhitekti d.o.o<\/strong> je arhitektonski studio specijaliziran za rad na spomenicima kulture i prirode i odr\u017eivu gradnju, osnovan 2009. u Zagrebu.<\/p>\n<p>Kulturnu i prirodnu ba\u0161tinu smo prepoznali kao jedan od klju\u010dnih faktora odr\u017eivog razvoja, te smo se usmjerili na njihovo o\u010duvanje i promociju:<\/p>\n<p>&#8211; izra\u0111ujemo projekte sanacije, obnove i rekonstrukcije nepokretnih kulturnih dobara,<br \/>\n&#8211; osmi\u0161ljavamo i izra\u0111ujemo projekte za njihovu prenamjenu i revitalizaciju,<br \/>\n&#8211; izra\u0111ujemo projekte nadogradnji i interpolacija u zoni za\u0161tite,<br \/>\n&#8211; izra\u0111ujemo projekte ure\u0111enja i adaptacija interijera,<br \/>\n&#8211; izra\u0111ujemo projekte energetskih obnova zgrada pod za\u0161titom,<br \/>\n&#8211; samostalno i u suradnji s renomiranim umjetnicima izra\u0111ujemo projekte ure\u0111enja javnih povr\u0161ina te postave spomenika i spomen obilje\u017eja,<br \/>\n&#8211; pru\u017eamo usluge pripreme projektne dokumentacije za apliciranje na javne izvore financiranja:<br \/>\nEU fondovi, sredstva spomeni\u010dke rente, FZOEU, sredstva Ministarstva kulture, Javni poziv Grada Zagreba i sl.<\/p>\n<p>Posjedujemo dopu\u0161tenje za rad na nepokretnim kulturnim dobrima od 2012. godine.<\/p>\n<p>Opremljeni smo za izradu arhitektonskih snimki kompleksnih gra\u0111evina.<\/p>\n<p>Mo\u017eemo ponuditi izradu projekata u BIM tehnologiji.<\/p>\n<p>Ovla\u0161teni smo konzultanti i auditori te predava\u010di za me\u0111unarodni sustav certificiranja odr\u017eive gradnje &#8211; DGNB sustav, te aktivno sudjelujemo u edukaciji i promociji odr\u017eive gradnje kroz predavanja, tribine i aktivnosti Hrvatskog savjeta za zelenu gradnju \u010diji smo \u010dlan od 2011. godine.<\/p>\n<img loading=\"lazy\" class=\"alignnone wp-image-515 size-large\" src=\"http:\/\/www.fabrika-arhitekti.com\/hr\/wp-content\/uploads\/2018\/04\/info-1024x351.jpg\" alt=\"\" width=\"1024\" height=\"351\" srcset=\"https:\/\/www.fabrika-arhitekti.com\/hr\/wp-content\/uploads\/2018\/04\/info-1024x351.jpg 1024w, https:\/\/www.fabrika-arhitekti.com\/hr\/wp-content\/uploads\/2018\/04\/info-300x103.jpg 300w, https:\/\/www.fabrika-arhitekti.com\/hr\/wp-content\/uploads\/2018\/04\/info-768x263.jpg 768w, https:\/\/www.fabrika-arhitekti.com\/hr\/wp-content\/uploads\/2018\/04\/info.jpg 1040w\" sizes=\"(max-width: 1024px) 100vw, 1024px\" \/>\n","protected":false},"excerpt":{"rendered":"<p>FABRIKA arhitekti d.o.o je arhitektonski studio specijaliziran za rad na spomenicima kulture i prirode i odr\u017eivu gradnju, osnovan 2009. u Zagrebu. Kulturnu i prirodnu ba\u0161tinu smo prepoznali kao jedan od klju\u010dnih faktora odr\u017eivog razvoja, te smo se usmjerili na njihovo o\u010duvanje i promociju: &#8211; izra\u0111ujemo projekte sanacije, obnove i rekonstrukcije nepokretnih kulturnih dobara, &#8211; osmi\u0161ljavamo&#8230;  <a class=\"excerpt-read-more\" href=\"https:\/\/www.fabrika-arhitekti.com\/hr\/\" title=\" \">Op\u0161irnije..<\/a><\/p>\n","protected":false},"author":2,"featured_media":0,"parent":0,"menu_order":0,"comment_status":"closed","ping_status":"closed","template":"","meta":{"spay_email":""},"jetpack_sharing_enabled":true,"_links":{"self":[{"href":"https:\/\/www.fabrika-arhitekti.com\/hr\/wp-json\/wp\/v2\/pages\/431"}],"collection":[{"href":"https:\/\/www.fabrika-arhitekti.com\/hr\/wp-json\/wp\/v2\/pages"}],"about":[{"href":"https:\/\/www.fabrika-arhitekti.com\/hr\/wp-json\/wp\/v2\/types\/page"}],"author":[{"embeddable":true,"href":"https:\/\/www.fabrika-arhitekti.com\/hr\/wp-json\/wp\/v2\/users\/2"}],"replies":[{"embeddable":true,"href":"https:\/\/www.fabrika-arhitekti.com\/hr\/wp-json\/wp\/v2\/comments?post=431"}],"version-history":[{"count":18,"href":"https:\/\/www.fabrika-arhitekti.com\/hr\/wp-json\/wp\/v2\/pages\/431\/revisions"}],"predecessor-version":[{"id":639,"href":"https:\/\/www.fabrika-arhitekti.com\/hr\/wp-json\/wp\/v2\/pages\/431\/revisions\/639"}],"wp:attachment":[{"href":"https:\/\/www.fabrika-arhitekti.com\/hr\/wp-json\/wp\/v2\/media?parent=431"}],"curies":[{"name":"wp","href":"https:\/\/api.w.org\/{rel}","templated":true}]}}